{"id":97,"date":"2020-11-27T15:20:23","date_gmt":"2020-11-27T18:20:23","guid":{"rendered":"http:\/\/localhost\/intercool\/?page_id=97"},"modified":"2021-08-05T00:47:45","modified_gmt":"2021-08-05T03:47:45","slug":"contacto","status":"publish","type":"page","link":"https:\/\/intercool.cl\/sitio\/contacto\/","title":{"rendered":"Contacto"},"content":{"rendered":"\n<div class=\"wp-block-contact-form-7-contact-form-selector\">[contact-form-7 id=&#8221;5&#8243; title=&#8221;Contact form 1&#8243;]<\/div>\n\n\n\n\n\n<p><\/p>\n","protected":false},"excerpt":{"rendered":"","protected":false},"author":1,"featured_media":0,"parent":0,"menu_order":0,"comment_status":"closed","ping_status":"closed","template":"","meta":{"footnotes":""},"yoast_head":"<!-- This site is optimized with the Yoast SEO plugin v22.1 - https:\/\/yoast.com\/wordpress\/plugins\/seo\/ -->\n<title>Contacto | Cool Tech InterCool<\/title>\n<meta name=\"robots\" content=\"index, follow, max-snippet:-1, max-image-preview:large, max-video-preview:-1\" \/>\n<link rel=\"canonical\" href=\"https:\/\/intercool.cl\/sitio\/contacto\/\" \/>\n<meta property=\"og:locale\" content=\"es_ES\" \/>\n<meta property=\"og:type\" content=\"article\" \/>\n<meta property=\"og:title\" content=\"Contacto | Cool Tech InterCool\" \/>\n<meta property=\"og:url\" content=\"https:\/\/intercool.cl\/sitio\/contacto\/\" \/>\n<meta property=\"og:site_name\" content=\"Cool Tech InterCool\" \/>\n<meta property=\"article:modified_time\" content=\"2021-08-05T03:47:45+00:00\" \/>\n<meta name=\"twitter:card\" content=\"summary_large_image\" \/>\n<meta name=\"twitter:label1\" content=\"Est. reading time\" \/>\n\t<meta name=\"twitter:data1\" content=\"1 minuto\" \/>\n<script type=\"application\/ld+json\" class=\"yoast-schema-graph\">{\"@context\":\"https:\/\/schema.org\",\"@graph\":[{\"@type\":\"WebPage\",\"@id\":\"https:\/\/intercool.cl\/sitio\/contacto\/\",\"url\":\"https:\/\/intercool.cl\/sitio\/contacto\/\",\"name\":\"Contacto | Cool Tech InterCool\",\"isPartOf\":{\"@id\":\"https:\/\/intercool.cl\/sitio\/#website\"},\"datePublished\":\"2020-11-27T18:20:23+00:00\",\"dateModified\":\"2021-08-05T03:47:45+00:00\",\"breadcrumb\":{\"@id\":\"https:\/\/intercool.cl\/sitio\/contacto\/#breadcrumb\"},\"inLanguage\":\"es-CL\",\"potentialAction\":[{\"@type\":\"ReadAction\",\"target\":[\"https:\/\/intercool.cl\/sitio\/contacto\/\"]}]},{\"@type\":\"BreadcrumbList\",\"@id\":\"https:\/\/intercool.cl\/sitio\/contacto\/#breadcrumb\",\"itemListElement\":[{\"@type\":\"ListItem\",\"position\":1,\"name\":\"Portada\",\"item\":\"https:\/\/intercool.cl\/sitio\/\"},{\"@type\":\"ListItem\",\"position\":2,\"name\":\"Contacto\"}]},{\"@type\":\"WebSite\",\"@id\":\"https:\/\/intercool.cl\/sitio\/#website\",\"url\":\"https:\/\/intercool.cl\/sitio\/\",\"name\":\"Cool Tech InterCool\",\"description\":\"Dise\u00f1o y Fabricaci\u00f3n - 39 A\u00f1os Equipando la Industria Gastron\u00f3mica en Chile\",\"publisher\":{\"@id\":\"https:\/\/intercool.cl\/sitio\/#organization\"},\"potentialAction\":[{\"@type\":\"SearchAction\",\"target\":{\"@type\":\"EntryPoint\",\"urlTemplate\":\"https:\/\/intercool.cl\/sitio\/?s={search_term_string}\"},\"query-input\":\"required name=search_term_string\"}],\"inLanguage\":\"es-CL\"},{\"@type\":\"Organization\",\"@id\":\"https:\/\/intercool.cl\/sitio\/#organization\",\"name\":\"Intercool\",\"url\":\"https:\/\/intercool.cl\/sitio\/\",\"logo\":{\"@type\":\"ImageObject\",\"inLanguage\":\"es-CL\",\"@id\":\"https:\/\/intercool.cl\/sitio\/#\/schema\/logo\/image\/\",\"url\":\"https:\/\/intercool.cl\/sitio\/wp-content\/uploads\/2020\/12\/cropped-unnamed-u1073-r-fr-1.jpg\",\"contentUrl\":\"https:\/\/intercool.cl\/sitio\/wp-content\/uploads\/2020\/12\/cropped-unnamed-u1073-r-fr-1.jpg\",\"width\":190,\"height\":90,\"caption\":\"Intercool\"},\"image\":{\"@id\":\"https:\/\/intercool.cl\/sitio\/#\/schema\/logo\/image\/\"}}]}<\/script>\n<!-- \/ Yoast SEO plugin. -->","yoast_head_json":{"title":"Contacto | Cool Tech InterCool","robots":{"index":"index","follow":"follow","max-snippet":"max-snippet:-1","max-image-preview":"max-image-preview:large","max-video-preview":"max-video-preview:-1"},"canonical":"https:\/\/intercool.cl\/sitio\/contacto\/","og_locale":"es_ES","og_type":"article","og_title":"Contacto | Cool Tech InterCool","og_url":"https:\/\/intercool.cl\/sitio\/contacto\/","og_site_name":"Cool Tech InterCool","article_modified_time":"2021-08-05T03:47:45+00:00","twitter_card":"summary_large_image","twitter_misc":{"Est. reading time":"1 minuto"},"schema":{"@context":"https:\/\/schema.org","@graph":[{"@type":"WebPage","@id":"https:\/\/intercool.cl\/sitio\/contacto\/","url":"https:\/\/intercool.cl\/sitio\/contacto\/","name":"Contacto | Cool Tech InterCool","isPartOf":{"@id":"https:\/\/intercool.cl\/sitio\/#website"},"datePublished":"2020-11-27T18:20:23+00:00","dateModified":"2021-08-05T03:47:45+00:00","breadcrumb":{"@id":"https:\/\/intercool.cl\/sitio\/contacto\/#breadcrumb"},"inLanguage":"es-CL","potentialAction":[{"@type":"ReadAction","target":["https:\/\/intercool.cl\/sitio\/contacto\/"]}]},{"@type":"BreadcrumbList","@id":"https:\/\/intercool.cl\/sitio\/contacto\/#breadcrumb","itemListElement":[{"@type":"ListItem","position":1,"name":"Portada","item":"https:\/\/intercool.cl\/sitio\/"},{"@type":"ListItem","position":2,"name":"Contacto"}]},{"@type":"WebSite","@id":"https:\/\/intercool.cl\/sitio\/#website","url":"https:\/\/intercool.cl\/sitio\/","name":"Cool Tech InterCool","description":"Dise\u00f1o y Fabricaci\u00f3n - 39 A\u00f1os Equipando la Industria Gastron\u00f3mica en Chile","publisher":{"@id":"https:\/\/intercool.cl\/sitio\/#organization"},"potentialAction":[{"@type":"SearchAction","target":{"@type":"EntryPoint","urlTemplate":"https:\/\/intercool.cl\/sitio\/?s={search_term_string}"},"query-input":"required name=search_term_string"}],"inLanguage":"es-CL"},{"@type":"Organization","@id":"https:\/\/intercool.cl\/sitio\/#organization","name":"Intercool","url":"https:\/\/intercool.cl\/sitio\/","logo":{"@type":"ImageObject","inLanguage":"es-CL","@id":"https:\/\/intercool.cl\/sitio\/#\/schema\/logo\/image\/","url":"https:\/\/intercool.cl\/sitio\/wp-content\/uploads\/2020\/12\/cropped-unnamed-u1073-r-fr-1.jpg","contentUrl":"https:\/\/intercool.cl\/sitio\/wp-content\/uploads\/2020\/12\/cropped-unnamed-u1073-r-fr-1.jpg","width":190,"height":90,"caption":"Intercool"},"image":{"@id":"https:\/\/intercool.cl\/sitio\/#\/schema\/logo\/image\/"}}]}},"_links":{"self":[{"href":"https:\/\/intercool.cl\/sitio\/wp-json\/wp\/v2\/pages\/97"}],"collection":[{"href":"https:\/\/intercool.cl\/sitio\/wp-json\/wp\/v2\/pages"}],"about":[{"href":"https:\/\/intercool.cl\/sitio\/wp-json\/wp\/v2\/types\/page"}],"author":[{"embeddable":true,"href":"https:\/\/intercool.cl\/sitio\/wp-json\/wp\/v2\/users\/1"}],"replies":[{"embeddable":true,"href":"https:\/\/intercool.cl\/sitio\/wp-json\/wp\/v2\/comments?post=97"}],"version-history":[{"count":8,"href":"https:\/\/intercool.cl\/sitio\/wp-json\/wp\/v2\/pages\/97\/revisions"}],"predecessor-version":[{"id":537,"href":"https:\/\/intercool.cl\/sitio\/wp-json\/wp\/v2\/pages\/97\/revisions\/537"}],"wp:attachment":[{"href":"https:\/\/intercool.cl\/sitio\/wp-json\/wp\/v2\/media?parent=97"}],"curies":[{"name":"wp","href":"https:\/\/api.w.org\/{rel}","templated":true}]}}